{"id":204,"date":"2015-06-24T07:55:47","date_gmt":"2015-06-24T07:55:47","guid":{"rendered":"http:\/\/soeker-druckshop.de\/?page_id=204"},"modified":"2016-05-09T13:44:26","modified_gmt":"2016-05-09T13:44:26","slug":"kalender","status":"publish","type":"page","link":"https:\/\/soeker-druckshop.de\/?page_id=204","title":{"rendered":"Kalender"},"content":{"rendered":"\r\n\r\n<div class=\"wpsg_mod_productindex wpsg_mod_productindex_list\">\r\n\t\r\n\t<form method=\"get\" id=\"wpsg_mod_productindex_form\" action=\"\/index.php?rest_route=%2Fwp%2Fv2%2Fpages%2F204\">\r\n \t\t\r\n \t\t \t\t<input type=\"hidden\" name=\"rest_route\" value=\"\/wp\/v2\/pages\/204\" \/>\r\n \t\t \t\t\r\n\t\t<input type=\"hidden\" id=\"wpsg_mod_productindex_filter_page\" name=\"wpsg_mod_productindex[filter][page]\" value=\"1\" \/>\r\n\t\t<input type=\"hidden\" id=\"wpsg_mod_productindex_filter_order\" name=\"wpsg_mod_productindex[filter][order]\" value=\"cdate_desc\" \/>\r\n\t\t<input type=\"hidden\" id=\"wpsg_mod_productindex_template\" name=\"wpsg_mod_productindex[template]\" value=\"list.phtml\" \/>\r\n\t\r\n\t<\/form>\r\n\t\r\n\t<div class=\"wpsg_mod_productindex_toolbar wpsg_mod_productindex_toolbar_top\">\r\n\t\t\r\n\t\t\t\t\r\n\t\t\t\t<div class=\"wpsg_mod_productindex_pager\">\r\n\t\t\t<span>Seite:<\/span>\r\n\t\t\t<ul>\r\n\t\t\t\t\t\t\t\t<li>\r\n\t\t\t\t\t\t\t\t\t\t<span>1<\/span>\r\n\t\t\t\t\t\t\t\t\t<\/li>\r\n\t\t\t\t\t\t\t\t<li>\r\n\t\t\t\t\t\t\t\t\t\t<a title=\"Zu Seite 2 wechseln\" href=\"#\" onclick=\"return wpsg_mod_productindex_goPage(2);\">2<\/a>\r\n\t\t\t\t\t\t\t\t\t<\/li>\r\n\t\t\t\t\t\t\t<\/ul>\r\n\t\t<\/div>\r\n\t\t\t\t\r\n\t\t\t\t\r\n\t\t<div class=\"wpsg_clear\"><\/div>\r\n\t\t\r\n\t<\/div>\r\n\r\n\t\t\r\n\t\t\t\t<div class=\"wpsg_mod_productindex_product even  wpsg_mod_productindex_product_first\"> \r\n\t\t\t\t\t\t<div class=\"wpsg_mod_productindex_pic\">\r\n\t\t\t\t\t\t\t\t<a title=\"Zur Detailseite des Produkts\" href=\"https:\/\/soeker-druckshop.de\/?page_id=9&amp;wpsg_action=showProdukt&amp;produkt_id=51\">\r\n\t\t\t\t\t \r\n\t\t\t\t\t<img decoding=\"async\" src=\"https:\/\/soeker-druckshop.de\/wp-content\/uploads\/wpsg_produktbilder\/51\/tn\/c-100-100-Kalender-Dornumersiel\u20132024_final.jpg\" alt=\"\" \/>\r\n\t\t\t\t<\/a>\r\n\t\t\t\t\t\t\t<\/div>\r\n\t\t\t\t\t\t<div class=\"wpsg_mod_productindex_content\">\r\n\t\t\t\t<div class=\"wpsg_mod_productindex_infos\"> \r\n\t\t\t\t\t<div class=\"wpsg_mod_productindex_weight\">\r\n\t\t\t\t\t\t\t\t\t\t\t<\/div>\r\n\t\t\t\t\t\r\n\t\t\t\t\t<div class=\"wpsg_mod_productindex_fmenge\">\r\n\t\t\t\t\t\t\t\t\t\t\t<\/div>\t\t\t\t\r\n\t\t\t\t\t\r\n\t\t\t\t\t\t\t\t\t\t\r\n\t\t\t\t\t<div class=\"wpsg_mod_productindex_gpreis\">\r\n\t\t\t\t\t\t\t\t\t\t\t<\/div>\t\r\n\t\t\t\t<\/div>\r\n\t\t\t\t<div class=\"wpsg_mod_productindex_title\">\r\n\t\t\t\t\t<a title=\"Zur Detailseite des Produkts\" href=\"https:\/\/soeker-druckshop.de\/?page_id=9&amp;wpsg_action=showProdukt&amp;produkt_id=51\">Posterkalender Dornumersiel-Westeraccumersiel 2024<\/a>\r\n\t\t\t\t<\/div>\r\n\t\t\t\t<div class=\"wpsg_mod_productindex_description\"><div class=\"wpsg_mod_productindex_description\">\n<p>13 Ansichten vom Doppelsielort (inkl. Titelmotiv) aus verschiedenen Privatarchiven begleiten im DIN-A3-Format das Jahr 2024.<\/p>\n<p>Der Posterkalender ist ein stimmungsvoller Jahresbegleiter f\u00fcr K\u00fcstenfreunde, Sammler und alle, die sich mit dem Sielort verbunden f\u00fchlen. \u201eMit dieser Publikation m\u00f6chten wir auch Urlaubsg\u00e4sten den Ferienort ein wenig n\u00e4her bringen. Daher ist der Kalender zugleich eine sch\u00f6ne Geschenkidee an Stammurlauber\u201c, sagt Helga Wiechers vom Museumsverein. Ein Teil des Erl\u00f6ses kommt dem Museumsverein zugute.<\/p>\n<div>Der Anno-dazumal-Kalender mit stabiler Ringbindung. Lieferung zzgl. 4,95 Euro Versandkosten.<\/div>\n<\/div>\n<div class=\"wpsg_produkt_preishinweis\"><\/div>\n<\/div>\r\n\t\t\t\t\r\n\t\t\t\t\t\t\t\t\t\t\t\r\n\t\t\t\t\t\t\r\n\t\t\t\t\t<div class=\"wpsg_mod_productindex_price\">\r\n\t\t\t\t\t\t\t\t\t\t\t\t\t18,50 EUR\t\t\t\t\t\t\t\t\t\t\t<\/div>\r\n\t\t\t\t\t\t\r\n\t\t\t\t\t<div class=\"wpsg_produkt_preishinweis\">\t\t\r\n\t\t\t\t\t\t\t\t\t\t\t\t(inkl. 19,00% MwSt. und zzgl. <a href=\"https:\/\/soeker-druckshop.de\/?page_id=10\">Versandkosten<\/a>)\t\t\t\t\t\t\t\t\t\t\t<\/div>\t\r\n\t\t\t\t\t\t\t\t\t\t\t\t\t\r\n\t\t\t\t<div class=\"wpsg_mod_productindex_button\">\t\t\t\t\t\r\n\t\t\t\t\t\t\t\r\n\t\t\t\t\t<a class=\"wpsg_button\" title=\"Zur Detailseite des Produkts\" href=\"https:\/\/soeker-druckshop.de\/?page_id=9&amp;wpsg_action=showProdukt&amp;produkt_id=51\">Zum Produkt<\/a>\r\n\t\t\t\t\t<br \/>\r\n\t\t\t\t\t<a href=\"#\" class=\"wpsg_button wpsg_addProdukt \" title=\"Produkt Posterkalender Dornumersiel-Westeraccumersiel 2024 in den Warenkorb legen\" data-product_id=\"51\">In den Warenkorb legen<\/a>\r\n\t\t\t\t\t\t\t\t\t<\/div>\r\n\t\t\t\t\r\n\t\t\t<\/div>\r\n\t\t\t<div class=\"wpsg_clear\"><\/div>\t\t\t\t\r\n\t\t<\/div>\r\n\t\t\t\t<div class=\"wpsg_mod_productindex_product odd  \"> \r\n\t\t\t\t\t\t<div class=\"wpsg_mod_productindex_pic\">\r\n\t\t\t\t\t\t\t\t<a title=\"Zur Detailseite des Produkts\" href=\"https:\/\/soeker-druckshop.de\/?p=347\">\r\n\t\t\t\t\t \r\n\t\t\t\t\t<img decoding=\"async\" src=\"https:\/\/soeker-druckshop.de\/wp-content\/uploads\/wpsg_produktbilder\/42\/tn\/c-100-100-Kalender_Dor021.jpg\" alt=\"\" \/>\r\n\t\t\t\t<\/a>\r\n\t\t\t\t\t\t\t<\/div>\r\n\t\t\t\t\t\t<div class=\"wpsg_mod_productindex_content\">\r\n\t\t\t\t<div class=\"wpsg_mod_productindex_infos\"> \r\n\t\t\t\t\t<div class=\"wpsg_mod_productindex_weight\">\r\n\t\t\t\t\t\t\t\t\t\t\t<\/div>\r\n\t\t\t\t\t\r\n\t\t\t\t\t<div class=\"wpsg_mod_productindex_fmenge\">\r\n\t\t\t\t\t\t\t\t\t\t\t<\/div>\t\t\t\t\r\n\t\t\t\t\t\r\n\t\t\t\t\t\t\t\t\t\t\r\n\t\t\t\t\t<div class=\"wpsg_mod_productindex_gpreis\">\r\n\t\t\t\t\t\t\t\t\t\t\t<\/div>\t\r\n\t\t\t\t<\/div>\r\n\t\t\t\t<div class=\"wpsg_mod_productindex_title\">\r\n\t\t\t\t\t<a title=\"Zur Detailseite des Produkts\" href=\"https:\/\/soeker-druckshop.de\/?p=347\">Posterkalender Dornumersiel-Westeraccumersiel 2021  (Nicht mehr lieferbar)<\/a>\r\n\t\t\t\t<\/div>\r\n\t\t\t\t<div class=\"wpsg_mod_productindex_description\"><p>&nbsp;<\/p>\n<h2><span style=\"color: #993300;\">Leider vergriffen!<\/span><\/h2>\n<p>&nbsp;<\/p>\n<p>Nach zweij\u00e4hriger Pause hat der Museumsverein Dornumersiel nun wieder einen Posterkalender \u201eDornumersiel \u2013 Westeraccumersiel \u2013 Anno dazumal\u201c zusammengestellt. 13 Ansichten vom Doppelsielort (inkl. Titelmotiv) aus verschiedenen Privatarchiven begleiten im DIN-A3-Format das Jahr 2021.<\/p>\n<p>Der Posterkalender ist ein stimmungsvoller Jahresbegleiter f\u00fcr K\u00fcstenfreunde, Sammler und alle, die sich mit dem Sielort verbunden f\u00fchlen. \u201eMit dieser Publikation m\u00f6chten wir auch Urlaubsg\u00e4sten den Ferienort ein wenig n\u00e4her bringen. Daher ist der Kalender zugleich eine sch\u00f6ne Geschenkidee an Stammurlauber\u201c, sagt Helga Wiechers vom Museumsverein. Ein Teil des Erl\u00f6ses kommt dem Museumsverein zugute.<\/p>\n<div>Der Anno-dazumal-Kalender mit stabiler Ringbindung. Lieferung zzgl. 4,90 Euro Versandkosten.<\/div>\n<\/div>\r\n\t\t\t\t\r\n\t\t\t\t\t\t\t\t\t\t\t\r\n\t\t\t\t\t\t\r\n\t\t\t\t\t<div class=\"wpsg_mod_productindex_price\">\r\n\t\t\t\t\t\t\t\t\t\t\t\t\t18,50 EUR\t\t\t\t\t\t\t\t\t\t\t<\/div>\r\n\t\t\t\t\t\t\r\n\t\t\t\t\t<div class=\"wpsg_produkt_preishinweis\">\t\t\r\n\t\t\t\t\t\t\t\t\t\t\t\t(inkl. 19,00% MwSt. und zzgl. <a href=\"https:\/\/soeker-druckshop.de\/?page_id=10\">Versandkosten<\/a>)\t\t\t\t\t\t\t\t\t\t\t<\/div>\t\r\n\t\t\t\t\t\t\t\t\t\t\t\t\t\r\n\t\t\t\t<div class=\"wpsg_mod_productindex_button\">\t\t\t\t\t\r\n\t\t\t\t\t\t\t\r\n\t\t\t\t\t<a class=\"wpsg_button\" title=\"Zur Detailseite des Produkts\" href=\"https:\/\/soeker-druckshop.de\/?p=347\">Zum Produkt<\/a>\r\n\t\t\t\t\t<br \/>\r\n\t\t\t\t\t<a href=\"#\" class=\"wpsg_button wpsg_addProdukt \" title=\"Produkt Hafenimpressionen,  damals ... in den Warenkorb legen\" data-product_id=\"42\">In den Warenkorb legen<\/a>\r\n\t\t\t\t\t\t\t\t\t<\/div>\r\n\t\t\t\t\r\n\t\t\t<\/div>\r\n\t\t\t<div class=\"wpsg_clear\"><\/div>\t\t\t\t\r\n\t\t<\/div>\r\n\t\t\t\t<div class=\"wpsg_mod_productindex_product even  \"> \r\n\t\t\t\t\t\t<div class=\"wpsg_mod_productindex_pic\">\r\n\t\t\t\t\t\t\t\t<a title=\"Zur Detailseite des Produkts\" href=\"https:\/\/soeker-druckshop.de\/?p=277\">\r\n\t\t\t\t\t \r\n\t\t\t\t\t<img decoding=\"async\" src=\"https:\/\/soeker-druckshop.de\/wp-content\/uploads\/wpsg_produktbilder\/36\/tn\/c-100-100-Kal-Dornumersiel-2018.jpg\" alt=\"\" \/>\r\n\t\t\t\t<\/a>\r\n\t\t\t\t\t\t\t<\/div>\r\n\t\t\t\t\t\t<div class=\"wpsg_mod_productindex_content\">\r\n\t\t\t\t<div class=\"wpsg_mod_productindex_infos\"> \r\n\t\t\t\t\t<div class=\"wpsg_mod_productindex_weight\">\r\n\t\t\t\t\t\t\t\t\t\t\t<\/div>\r\n\t\t\t\t\t\r\n\t\t\t\t\t<div class=\"wpsg_mod_productindex_fmenge\">\r\n\t\t\t\t\t\t\t\t\t\t\t<\/div>\t\t\t\t\r\n\t\t\t\t\t\r\n\t\t\t\t\t\t\t\t\t\t\r\n\t\t\t\t\t<div class=\"wpsg_mod_productindex_gpreis\">\r\n\t\t\t\t\t\t\t\t\t\t\t<\/div>\t\r\n\t\t\t\t<\/div>\r\n\t\t\t\t<div class=\"wpsg_mod_productindex_title\">\r\n\t\t\t\t\t<a title=\"Zur Detailseite des Produkts\" href=\"https:\/\/soeker-druckshop.de\/?p=277\">Posterkalender 2018 \u2013 Dornumersiel-Westeraccumersiel<\/a>\r\n\t\t\t\t<\/div>\r\n\t\t\t\t<div class=\"wpsg_mod_productindex_description\"><p>Auch in diesem Jahr gibt es ihn wieder, den historischen Posterkalender \u201eDornumersiel-Westeraccumersiel \u2013 An\u00adno\u00ad dazumal\u201c 2018 des Museumsvereins Dornumersiel e.V. Herausgegeben wur\u00adde der Kalender bereits im neunten Jahr in Zu\u00adsam\u00admenarbeit mit dem Verlag Enno S\u00f6ker, Esens (ESE). Insgesamt 13 eindrucksvolle Motive (inkl. Titelmotiv) sind aus verschiedenen Privatarchiven in einem DIN-A3-Kalender zusammengestellt. Die alten Ansichten stammen aus der Zeit um die vorletzte Jahrhundertwende bis in die 1960er Jahre. Beim Betrachten des Kalenders werden vermutlich bei vielen \u00e4lteren Menschen Erinnerungen an die eigene Jugendzeit wach. Das Titelbild zeigt die Kutterflotte von Westeraccumersiel bei einer gemeinsamen Fahrt in See, das Kalenderblatt im Januar erinnert an den legend\u00e4ren Kutter \u201eGerda\u201c Ende der 1950er Jahre. Vergangene Zeiten werden wach beim Betrachten des Klassenfotos vor der Westerburer Schule mit dem damaligen Lehrer Johann Lindemann. F\u00fcr den Monat April wurde ein historisch interessantes Motiv gew\u00e4hlt: ein Schwimmbagger zwecks Schaffung eines gemeinsamen Au\u00dfentiefs von Dornumersiel und Westeraccumersiel. Hinzu kommen etliche Aufnahmen, die das d\u00f6rfliche Leben von damals wiedergeben. Eine Impression aus den 1950er Jahren etwa zeigt den Fischer Karl Linneberg bei Arbeiten im Mast seines Kutters \u201eZukunft\u201c, mit Blick auf die H\u00e4user an der Ostseite des Hafens Westeraccumersiel. Imposant ist auch die Aufnahme einer genussvollen Kutschfahrt durch die Herrlichkeit Dornum mit der Bockwindm\u00fchle im Hintergrund. Der Posterkalender ist ein stimmungsvoller Jahresbegleiter f\u00fcr K\u00fcstenfreunde und Sammler und nat\u00fcrlich f\u00fcr alle, die sich mit dem Sielort verbunden f\u00fchlen. \u201eMit dieser Publikation m\u00f6chten wir auch den Urlaubsg\u00e4sten den Ferienort ein wenig n\u00e4her bringen, daher ist der Kalender zugleich eine sch\u00f6ne Geschenkidee an langj\u00e4hrige Stammurlauber\u201c, sagt Helga Wiechers vom Museumsverein. Ein Teil des Erl\u00f6ses kommt dem Mu\u00adeums\u00adverein zugute.<\/p>\n<p>Preis 18,50 Euro<\/p>\n<\/div>\r\n\t\t\t\t\r\n\t\t\t\t\t\t\t\t\t\t\t\r\n\t\t\t\t\t\t\r\n\t\t\t\t\t<div class=\"wpsg_mod_productindex_price\">\r\n\t\t\t\t\t\t\t\t\t\t\t\t\t18,50 EUR\t\t\t\t\t\t\t\t\t\t\t<\/div>\r\n\t\t\t\t\t\t\r\n\t\t\t\t\t<div class=\"wpsg_produkt_preishinweis\">\t\t\r\n\t\t\t\t\t\t\t\t\t\t\t\t(inkl. 19,00% MwSt. und zzgl. <a href=\"https:\/\/soeker-druckshop.de\/?page_id=10\">Versandkosten<\/a>)\t\t\t\t\t\t\t\t\t\t\t<\/div>\t\r\n\t\t\t\t\t\t\t\t\t\t\t\t\t\r\n\t\t\t\t<div class=\"wpsg_mod_productindex_button\">\t\t\t\t\t\r\n\t\t\t\t\t\t\t\r\n\t\t\t\t\t<a class=\"wpsg_button\" title=\"Zur Detailseite des Produkts\" href=\"https:\/\/soeker-druckshop.de\/?p=277\">Zum Produkt<\/a>\r\n\t\t\t\t\t<br \/>\r\n\t\t\t\t\t<a href=\"#\" class=\"wpsg_button wpsg_addProdukt \" title=\"Produkt Posterkalender 2018 \u2013 Dornumersiel-Westeraccumersiel in den Warenkorb legen\" data-product_id=\"36\">In den Warenkorb legen<\/a>\r\n\t\t\t\t\t\t\t\t\t<\/div>\r\n\t\t\t\t\r\n\t\t\t<\/div>\r\n\t\t\t<div class=\"wpsg_clear\"><\/div>\t\t\t\t\r\n\t\t<\/div>\r\n\t\t\t\t<div class=\"wpsg_mod_productindex_product odd  \"> \r\n\t\t\t\t\t\t<div class=\"wpsg_mod_productindex_pic\">\r\n\t\t\t\t\t\t\t\t<a title=\"Zur Detailseite des Produkts\" href=\"https:\/\/soeker-druckshop.de\/?p=247\">\r\n\t\t\t\t\t \r\n\t\t\t\t\t<img decoding=\"async\" src=\"https:\/\/soeker-druckshop.de\/wp-content\/uploads\/wpsg_produktbilder\/32\/tn\/c-100-100-Kal-Dornumersiel-2017-neu-NEU.jpg\" alt=\"\" \/>\r\n\t\t\t\t<\/a>\r\n\t\t\t\t\t\t\t<\/div>\r\n\t\t\t\t\t\t<div class=\"wpsg_mod_productindex_content\">\r\n\t\t\t\t<div class=\"wpsg_mod_productindex_infos\"> \r\n\t\t\t\t\t<div class=\"wpsg_mod_productindex_weight\">\r\n\t\t\t\t\t\t\t\t\t\t\t<\/div>\r\n\t\t\t\t\t\r\n\t\t\t\t\t<div class=\"wpsg_mod_productindex_fmenge\">\r\n\t\t\t\t\t\t\t\t\t\t\t<\/div>\t\t\t\t\r\n\t\t\t\t\t\r\n\t\t\t\t\t\t\t\t\t\t\r\n\t\t\t\t\t<div class=\"wpsg_mod_productindex_gpreis\">\r\n\t\t\t\t\t\t\t\t\t\t\t<\/div>\t\r\n\t\t\t\t<\/div>\r\n\t\t\t\t<div class=\"wpsg_mod_productindex_title\">\r\n\t\t\t\t\t<a title=\"Zur Detailseite des Produkts\" href=\"https:\/\/soeker-druckshop.de\/?p=247\">Dornumersiel-Westeraccumersiel 2017 \u2013 Anno dazumal<\/a>\r\n\t\t\t\t<\/div>\r\n\t\t\t\t<div class=\"wpsg_mod_productindex_description\"><p>Mit 13 alten Ansichten (inkl. Titelmotiv) aus dem ehemaligen Doppelsiel\u00adort. Die Motive stammen aus der Zeit um die vorletzte Jahrhundertwende bis in die 1960er Jahre. Im Format DIN A3 mit aufgedrucktem Passepartout. Die Motive lassen sich sp\u00e4ter wunderbar rahmen. &#8211; Eine Empfehlung f\u00fcr jeden K\u00fcstenfreund und Sammler!<\/p>\n<\/div>\r\n\t\t\t\t\r\n\t\t\t\t\t\t\t\t\t\t\t\r\n\t\t\t\t\t\t\r\n\t\t\t\t\t<div class=\"wpsg_mod_productindex_price\">\r\n\t\t\t\t\t\t\t\t\t\t\t\t\t18,50 EUR\t\t\t\t\t\t\t\t\t\t\t<\/div>\r\n\t\t\t\t\t\t\r\n\t\t\t\t\t<div class=\"wpsg_produkt_preishinweis\">\t\t\r\n\t\t\t\t\t\t\t\t\t\t\t\t(inkl. 19,00% MwSt. und zzgl. <a href=\"https:\/\/soeker-druckshop.de\/?page_id=10\">Versandkosten<\/a>)\t\t\t\t\t\t\t\t\t\t\t<\/div>\t\r\n\t\t\t\t\t\t\t\t\t\t\t\t\t\r\n\t\t\t\t<div class=\"wpsg_mod_productindex_button\">\t\t\t\t\t\r\n\t\t\t\t\t\t\t\r\n\t\t\t\t\t<a class=\"wpsg_button\" title=\"Zur Detailseite des Produkts\" href=\"https:\/\/soeker-druckshop.de\/?p=247\">Zum Produkt<\/a>\r\n\t\t\t\t\t<br \/>\r\n\t\t\t\t\t<a href=\"#\" class=\"wpsg_button wpsg_addProdukt \" title=\"Produkt Posterkalender 2017 \u2013 Dornumersiel-Westeraccumersiel in den Warenkorb legen\" data-product_id=\"32\">In den Warenkorb legen<\/a>\r\n\t\t\t\t\t\t\t\t\t<\/div>\r\n\t\t\t\t\r\n\t\t\t<\/div>\r\n\t\t\t<div class=\"wpsg_clear\"><\/div>\t\t\t\t\r\n\t\t<\/div>\r\n\t\t\t\t<div class=\"wpsg_mod_productindex_product even  \"> \r\n\t\t\t\t\t\t<div class=\"wpsg_mod_productindex_pic\">\r\n\t\t\t\t\t\t\t\t<a title=\"Zur Detailseite des Produkts\" href=\"https:\/\/soeker-druckshop.de\/?p=194\">\r\n\t\t\t\t\t \r\n\t\t\t\t\t<img decoding=\"async\" src=\"https:\/\/soeker-druckshop.de\/wp-content\/uploads\/wpsg_produktbilder\/26\/tn\/c-100-100-Kal-Dornumersiel3.jpg\" alt=\"\" \/>\r\n\t\t\t\t<\/a>\r\n\t\t\t\t\t\t\t<\/div>\r\n\t\t\t\t\t\t<div class=\"wpsg_mod_productindex_content\">\r\n\t\t\t\t<div class=\"wpsg_mod_productindex_infos\"> \r\n\t\t\t\t\t<div class=\"wpsg_mod_productindex_weight\">\r\n\t\t\t\t\t\t\t\t\t\t\t<\/div>\r\n\t\t\t\t\t\r\n\t\t\t\t\t<div class=\"wpsg_mod_productindex_fmenge\">\r\n\t\t\t\t\t\t\t\t\t\t\t<\/div>\t\t\t\t\r\n\t\t\t\t\t\r\n\t\t\t\t\t\t\t\t\t\t\r\n\t\t\t\t\t<div class=\"wpsg_mod_productindex_gpreis\">\r\n\t\t\t\t\t\t\t\t\t\t\t<\/div>\t\r\n\t\t\t\t<\/div>\r\n\t\t\t\t<div class=\"wpsg_mod_productindex_title\">\r\n\t\t\t\t\t<a title=\"Zur Detailseite des Produkts\" href=\"https:\/\/soeker-druckshop.de\/?p=194\">Posterkalender 2016 \u2013 Dornumersiel-Westeraccumersiel<\/a>\r\n\t\t\t\t<\/div>\r\n\t\t\t\t<div class=\"wpsg_mod_productindex_description\"><p>Mit 13 alten Ansichten (inkl. Titelmotiv) aus dem ehemaligen Doppelsiel\u00adort. Die Motive stammen aus der Zeit um die vorletzte Jahrhundertwende bis in die 1960er Jahre. Im Format DIN A3 mit aufgedrucktem Passepartout. Die Motive lassen sich sp\u00e4ter wunderbar rahmen. &#8211; Eine Empfehlung f\u00fcr jeden K\u00fcstenfreund und Sammler!<\/p>\n<\/div>\r\n\t\t\t\t\r\n\t\t\t\t\t\t\t\t\t\t\t\r\n\t\t\t\t\t\t\r\n\t\t\t\t\t<div class=\"wpsg_mod_productindex_price\">\r\n\t\t\t\t\t\t\t\t\t\t\t\t\t18,50 EUR\t\t\t\t\t\t\t\t\t\t\t<\/div>\r\n\t\t\t\t\t\t\r\n\t\t\t\t\t<div class=\"wpsg_produkt_preishinweis\">\t\t\r\n\t\t\t\t\t\t\t\t\t\t\t\t(inkl. 19,00% MwSt. und zzgl. <a href=\"https:\/\/soeker-druckshop.de\/?page_id=10\">Versandkosten<\/a>)\t\t\t\t\t\t\t\t\t\t\t<\/div>\t\r\n\t\t\t\t\t\t\t\t\t\t\t\t\t\r\n\t\t\t\t<div class=\"wpsg_mod_productindex_button\">\t\t\t\t\t\r\n\t\t\t\t\t\t\t\r\n\t\t\t\t\t<a class=\"wpsg_button\" title=\"Zur Detailseite des Produkts\" href=\"https:\/\/soeker-druckshop.de\/?p=194\">Zum Produkt<\/a>\r\n\t\t\t\t\t<br \/>\r\n\t\t\t\t\t<a href=\"#\" class=\"wpsg_button wpsg_addProdukt \" title=\"Produkt Posterkalender 2016 \u2013 Dornumersiel-Westeraccumersiel in den Warenkorb legen\" data-product_id=\"26\">In den Warenkorb legen<\/a>\r\n\t\t\t\t\t\t\t\t\t<\/div>\r\n\t\t\t\t\r\n\t\t\t<\/div>\r\n\t\t\t<div class=\"wpsg_clear\"><\/div>\t\t\t\t\r\n\t\t<\/div>\r\n\t\t\t\t<div class=\"wpsg_mod_productindex_product odd wpsg_mod_productindex_product_last \"> \r\n\t\t\t\t\t\t<div class=\"wpsg_mod_productindex_pic\">\r\n\t\t\t\t\t\t\t\t<a title=\"Zur Detailseite des Produkts\" href=\"https:\/\/soeker-druckshop.de\/?p=166\">\r\n\t\t\t\t\t \r\n\t\t\t\t\t<img decoding=\"async\" src=\"https:\/\/soeker-druckshop.de\/wp-content\/uploads\/wpsg_produktbilder\/23\/tn\/c-100-100-dunum.jpg\" alt=\"\" \/>\r\n\t\t\t\t<\/a>\r\n\t\t\t\t\t\t\t<\/div>\r\n\t\t\t\t\t\t<div class=\"wpsg_mod_productindex_content\">\r\n\t\t\t\t<div class=\"wpsg_mod_productindex_infos\"> \r\n\t\t\t\t\t<div class=\"wpsg_mod_productindex_weight\">\r\n\t\t\t\t\t\t\t\t\t\t\t<\/div>\r\n\t\t\t\t\t\r\n\t\t\t\t\t<div class=\"wpsg_mod_productindex_fmenge\">\r\n\t\t\t\t\t\t\t\t\t\t\t<\/div>\t\t\t\t\r\n\t\t\t\t\t\r\n\t\t\t\t\t\t\t\t\t\t\r\n\t\t\t\t\t<div class=\"wpsg_mod_productindex_gpreis\">\r\n\t\t\t\t\t\t\t\t\t\t\t<\/div>\t\r\n\t\t\t\t<\/div>\r\n\t\t\t\t<div class=\"wpsg_mod_productindex_title\">\r\n\t\t\t\t\t<a title=\"Zur Detailseite des Produkts\" href=\"https:\/\/soeker-druckshop.de\/?p=166\">Kalender 2015 f\u00fcr Dunum und Brill<\/a>\r\n\t\t\t\t<\/div>\r\n\t\t\t\t<div class=\"wpsg_mod_productindex_description\"><p>Wieder wurde ein Heimatkalender mit Bildern aus den beiden Gemeinden\u00a0aufgelegt. Es werden Personen und Gruppen aus den Jahren 1926 bis 2013\u00a0gezeigt, sodass hier fast jede Familie eine bekannte Person finden d\u00fcrfte.Die Titelseite zeigt den Posaunenchor 1928 und 1951, auf anderenKalenderbl\u00e4ttern zeigt sich der Chor 1972 und 2012.Die Erstellung wurde mit Bildern aus privaten Alben und Archiven erm\u00f6glicht.\u0410ltere Bewohner beider Ortschaften haben geholfen, einen gro\u00dfen Teil der\u00a0Namen der abgebildeten Personen den Bildern zuzuordnen, daf\u00fcr unseren\u00a0Dank. Zugleich bitten wir, uns vorhandenes Bildmaterial zur Verf\u00fcgung zu stellen,die Bilder bekommen Sie umgehend und selbstverst\u00e4ndlich unbesch\u00e4digt zur\u00fcck.<\/p>\n<p>F\u00fcr manche Bewohner beider Gemeinden ist dieser Kalender ein Geschenk\u00a0zu Weihnachten mit gro\u00dfem Erinnerungswert, da sich viele selber oder ihre\u00a0Eltern, Kinder und Verwandte auf den Monatsb\u00e4ttern mit den Bildern wieder\u00a0erkennen werden. Wir w\u00fcnschen viel Spa\u00df mit dem Kalender !<\/p>\n<\/div>\r\n\t\t\t\t\r\n\t\t\t\t\t\t\t\t\t\t\t\r\n\t\t\t\t\t\t\r\n\t\t\t\t\t<div class=\"wpsg_mod_productindex_price\">\r\n\t\t\t\t\t\t\t\t\t\t\t\t\t17,00 EUR\t\t\t\t\t\t\t\t\t\t\t<\/div>\r\n\t\t\t\t\t\t\r\n\t\t\t\t\t<div class=\"wpsg_produkt_preishinweis\">\t\t\r\n\t\t\t\t\t\t\t\t\t\t\t\t(inkl. 19,00% MwSt. und zzgl. <a href=\"https:\/\/soeker-druckshop.de\/?page_id=10\">Versandkosten<\/a>)\t\t\t\t\t\t\t\t\t\t\t<\/div>\t\r\n\t\t\t\t\t\t\t\t\t\t\t\t\t\r\n\t\t\t\t<div class=\"wpsg_mod_productindex_button\">\t\t\t\t\t\r\n\t\t\t\t\t\t\t\r\n\t\t\t\t\t<a class=\"wpsg_button\" title=\"Zur Detailseite des Produkts\" href=\"https:\/\/soeker-druckshop.de\/?p=166\">Zum Produkt<\/a>\r\n\t\t\t\t\t<br \/>\r\n\t\t\t\t\t<a href=\"#\" class=\"wpsg_button wpsg_addProdukt \" title=\"Produkt Kalender 2015 f\u00fcr Dunum und Brill in den Warenkorb legen\" data-product_id=\"23\">In den Warenkorb legen<\/a>\r\n\t\t\t\t\t\t\t\t\t<\/div>\r\n\t\t\t\t\r\n\t\t\t<\/div>\r\n\t\t\t<div class=\"wpsg_clear\"><\/div>\t\t\t\t\r\n\t\t<\/div>\r\n\t\t\t\r\n\t\t\r\n\t<div class=\"wpsg_mod_productindex_toolbar wpsg_mod_productindex_toolbar_bottom\">\r\n\t\t\r\n\t\t\t\t\r\n\t\t\t\t<div class=\"wpsg_mod_productindex_pager\">\r\n\t\t\t<span>Seite:<\/span>\r\n\t\t\t<ul>\r\n\t\t\t\t\t\t\t\t<li>\r\n\t\t\t\t\t\t\t\t\t\t<span>1<\/span>\r\n\t\t\t\t\t\t\t\t\t<\/li>\r\n\t\t\t\t\t\t\t\t<li>\r\n\t\t\t\t\t\t\t\t\t\t<a title=\"Zu Seite 2 wechseln\" href=\"#\" onclick=\"return wpsg_mod_productindex_goPage(2);\">2<\/a>\r\n\t\t\t\t\t\t\t\t\t<\/li>\r\n\t\t\t\t\t\t\t<\/ul>\r\n\t\t<\/div>\r\n\t\t\t\t\r\n\t\t\t\t\r\n\t\t<div class=\"wpsg_clear\"><\/div>\r\n\t\t\r\n\t<\/div>\r\n\r\n\t\r\n<\/div>\r\n\r\n<script type=\"text\/javascript\">\/* <![CDATA[ *\/\r\n\r\n\tfunction wpsg_mod_productindex_goPage(page)\r\n\t{\r\n\r\n\t\tjQuery('#wpsg_mod_productindex_filter_page').val(page);\r\n\t\tjQuery('#wpsg_mod_productindex_form').submit();\r\n\r\n\t\treturn false;\r\n\t\t\r\n\t} \/\/ function wpsg_mod_productindex_goPage(page)\r\n\r\n\tfunction wpsg_mod_productindex_viewselect(template)\r\n\t{\r\n\r\n\t\tjQuery('#wpsg_mod_productindex_template').val(template);\r\n\t\tjQuery('#wpsg_mod_productindex_form').submit();\r\n\r\n\t\treturn false;\r\n\t\t\r\n\t} \/\/ function wpsg_mod_productindex_viewselect(template)\r\n\t\r\n\tjQuery(document).ready(function() {\r\n\r\n\t\tjQuery('.wpsg_mod_productindex_filter_order').bind('change', function() {\r\n\t\t\t\r\n\t\t\tjQuery('#wpsg_mod_productindex_filter_order').val(jQuery(this).find('option:selected').attr('value'));\r\n\t\t\tjQuery('#wpsg_mod_productindex_filter_page').val('1');\r\n\t\t\tjQuery('#wpsg_mod_productindex_form').submit(); \r\n\t\t\t\t\t\r\n\t\t} );\r\n\t\t\r\n\t} );\r\n\r\n\/* ]]> *\/<\/script>","protected":false},"excerpt":{"rendered":"<p>Seite: 1 2 Posterkalender Dornumersiel-Westeraccumersiel 2024 13 Ansichten vom Doppelsielort (inkl. Titelmotiv) aus verschiedenen Privatarchiven begleiten im DIN-A3-Format das Jahr 2024. Der Posterkalender ist ein stimmungsvoller Jahresbegleiter f\u00fcr K\u00fcstenfreunde, Sammler und alle, die sich mit dem Sielort verbunden f\u00fchlen. \u201eMit dieser Publikation m\u00f6chten wir auch Urlaubsg\u00e4sten den Ferienort ein wenig n\u00e4her bringen. Daher ist der &hellip; <a href=\"https:\/\/soeker-druckshop.de\/?page_id=204\" class=\"more-link\"><span class=\"screen-reader-text\">Kalender<\/span> weiterlesen <span class=\"meta-nav\">&rarr;<\/span><\/a><\/p>\n","protected":false},"author":1,"featured_media":0,"parent":0,"menu_order":0,"comment_status":"closed","ping_status":"closed","template":"","meta":{"footnotes":""},"class_list":["post-204","page","type-page","status-publish","hentry"],"jetpack_sharing_enabled":true,"_links":{"self":[{"href":"https:\/\/soeker-druckshop.de\/index.php?rest_route=\/wp\/v2\/pages\/204","targetHints":{"allow":["GET"]}}],"collection":[{"href":"https:\/\/soeker-druckshop.de\/index.php?rest_route=\/wp\/v2\/pages"}],"about":[{"href":"https:\/\/soeker-druckshop.de\/index.php?rest_route=\/wp\/v2\/types\/page"}],"author":[{"embeddable":true,"href":"https:\/\/soeker-druckshop.de\/index.php?rest_route=\/wp\/v2\/users\/1"}],"replies":[{"embeddable":true,"href":"https:\/\/soeker-druckshop.de\/index.php?rest_route=%2Fwp%2Fv2%2Fcomments&post=204"}],"version-history":[{"count":1,"href":"https:\/\/soeker-druckshop.de\/index.php?rest_route=\/wp\/v2\/pages\/204\/revisions"}],"predecessor-version":[{"id":205,"href":"https:\/\/soeker-druckshop.de\/index.php?rest_route=\/wp\/v2\/pages\/204\/revisions\/205"}],"wp:attachment":[{"href":"https:\/\/soeker-druckshop.de\/index.php?rest_route=%2Fwp%2Fv2%2Fmedia&parent=204"}],"curies":[{"name":"wp","href":"https:\/\/api.w.org\/{rel}","templated":true}]}}