{"id":114,"date":"2015-02-06T08:06:54","date_gmt":"2015-02-06T08:06:54","guid":{"rendered":"http:\/\/soeker-druckshop.de\/?page_id=114"},"modified":"2018-10-04T10:44:08","modified_gmt":"2018-10-04T10:44:08","slug":"buecher","status":"publish","type":"page","link":"https:\/\/soeker-druckshop.de\/?page_id=114","title":{"rendered":"B\u00fccher"},"content":{"rendered":"\r\n\r\n<div class=\"wpsg_mod_productindex wpsg_mod_productindex_list\">\r\n\t\r\n\t<form method=\"get\" id=\"wpsg_mod_productindex_form\" action=\"\/index.php?rest_route=%2Fwp%2Fv2%2Fpages%2F114\">\r\n \t\t\r\n \t\t \t\t<input type=\"hidden\" name=\"rest_route\" value=\"\/wp\/v2\/pages\/114\" \/>\r\n \t\t \t\t\r\n\t\t<input type=\"hidden\" id=\"wpsg_mod_productindex_filter_page\" name=\"wpsg_mod_productindex[filter][page]\" value=\"1\" \/>\r\n\t\t<input type=\"hidden\" id=\"wpsg_mod_productindex_filter_order\" name=\"wpsg_mod_productindex[filter][order]\" value=\"cdate_desc\" \/>\r\n\t\t<input type=\"hidden\" id=\"wpsg_mod_productindex_template\" name=\"wpsg_mod_productindex[template]\" value=\"list.phtml\" \/>\r\n\t\r\n\t<\/form>\r\n\t\r\n\t<div class=\"wpsg_mod_productindex_toolbar wpsg_mod_productindex_toolbar_top\">\r\n\t\t\r\n\t\t\t\t\r\n\t\t\t\t<div class=\"wpsg_mod_productindex_pager\">\r\n\t\t\t<span>Seite:<\/span>\r\n\t\t\t<ul>\r\n\t\t\t\t\t\t\t\t<li>\r\n\t\t\t\t\t\t\t\t\t\t<span>1<\/span>\r\n\t\t\t\t\t\t\t\t\t<\/li>\r\n\t\t\t\t\t\t\t\t<li>\r\n\t\t\t\t\t\t\t\t\t\t<a title=\"Zu Seite 2 wechseln\" href=\"#\" onclick=\"return wpsg_mod_productindex_goPage(2);\">2<\/a>\r\n\t\t\t\t\t\t\t\t\t<\/li>\r\n\t\t\t\t\t\t\t\t<li>\r\n\t\t\t\t\t\t\t\t\t\t<a title=\"Zu Seite 3 wechseln\" href=\"#\" onclick=\"return wpsg_mod_productindex_goPage(3);\">3<\/a>\r\n\t\t\t\t\t\t\t\t\t<\/li>\r\n\t\t\t\t\t\t\t\t<li>\r\n\t\t\t\t\t\t\t\t\t\t<a title=\"Zu Seite 4 wechseln\" href=\"#\" onclick=\"return wpsg_mod_productindex_goPage(4);\">4<\/a>\r\n\t\t\t\t\t\t\t\t\t<\/li>\r\n\t\t\t\t\t\t\t\t<li>\r\n\t\t\t\t\t\t\t\t\t\t<a title=\"Zu Seite 5 wechseln\" href=\"#\" onclick=\"return wpsg_mod_productindex_goPage(5);\">5<\/a>\r\n\t\t\t\t\t\t\t\t\t<\/li>\r\n\t\t\t\t\t\t\t\t<li>\r\n\t\t\t\t\t\t\t\t\t\t<a title=\"Zu Seite 6 wechseln\" href=\"#\" onclick=\"return wpsg_mod_productindex_goPage(6);\">6<\/a>\r\n\t\t\t\t\t\t\t\t\t<\/li>\r\n\t\t\t\t\t\t\t\t<li>\r\n\t\t\t\t\t\t\t\t\t\t<a title=\"Zu Seite 7 wechseln\" href=\"#\" onclick=\"return wpsg_mod_productindex_goPage(7);\">7<\/a>\r\n\t\t\t\t\t\t\t\t\t<\/li>\r\n\t\t\t\t\t\t\t\t<li>\r\n\t\t\t\t\t\t\t\t\t\t<a title=\"Zu Seite 8 wechseln\" href=\"#\" onclick=\"return wpsg_mod_productindex_goPage(8);\">8<\/a>\r\n\t\t\t\t\t\t\t\t\t<\/li>\r\n\t\t\t\t\t\t\t\t<li>\r\n\t\t\t\t\t\t\t\t\t\t<a title=\"Zu Seite 9 wechseln\" href=\"#\" onclick=\"return wpsg_mod_productindex_goPage(9);\">9<\/a>\r\n\t\t\t\t\t\t\t\t\t<\/li>\r\n\t\t\t\t\t\t\t<\/ul>\r\n\t\t<\/div>\r\n\t\t\t\t\r\n\t\t\t\t\r\n\t\t<div class=\"wpsg_clear\"><\/div>\r\n\t\t\r\n\t<\/div>\r\n\r\n\t\t\r\n\t\t\t\t<div class=\"wpsg_mod_productindex_product even  wpsg_mod_productindex_product_first\"> \r\n\t\t\t\t\t\t<div class=\"wpsg_mod_productindex_pic\">\r\n\t\t\t\t\t\t\t\t<a title=\"Zur Detailseite des Produkts\" href=\"https:\/\/soeker-druckshop.de\/?p=587\">\r\n\t\t\t\t\t \r\n\t\t\t\t\t<img decoding=\"async\" src=\"https:\/\/soeker-druckshop.de\/wp-content\/uploads\/wpsg_produktbilder\/62\/tn\/c-100-100-Cover.jpg\" alt=\"\" \/>\r\n\t\t\t\t<\/a>\r\n\t\t\t\t\t\t\t<\/div>\r\n\t\t\t\t\t\t<div class=\"wpsg_mod_productindex_content\">\r\n\t\t\t\t<div class=\"wpsg_mod_productindex_infos\"> \r\n\t\t\t\t\t<div class=\"wpsg_mod_productindex_weight\">\r\n\t\t\t\t\t\t\t\t\t\t\t<\/div>\r\n\t\t\t\t\t\r\n\t\t\t\t\t<div class=\"wpsg_mod_productindex_fmenge\">\r\n\t\t\t\t\t\t\t\t\t\t\t<\/div>\t\t\t\t\r\n\t\t\t\t\t\r\n\t\t\t\t\t\t\t\t\t\t\r\n\t\t\t\t\t<div class=\"wpsg_mod_productindex_gpreis\">\r\n\t\t\t\t\t\t\t\t\t\t\t<\/div>\t\r\n\t\t\t\t<\/div>\r\n\t\t\t\t<div class=\"wpsg_mod_productindex_title\">\r\n\t\t\t\t\t<a title=\"Zur Detailseite des Produkts\" href=\"https:\/\/soeker-druckshop.de\/?p=587\">Jasmin \u2013  und die Farben der Geschichte<\/a>\r\n\t\t\t\t<\/div>\r\n\t\t\t\t<div class=\"wpsg_mod_productindex_description\"><div>Jasmin, Gesine und Herma sind unterwegs in einer ostfriesischen Kleinstadt. Allerdings wird dieses Trio dort niemals Arm in Arm an der n\u00e4chsten Stra\u00dfenecke auftauchen \u2013 allein schon, weil die drei Frauen in verschiedenen Zeitaltern leben. Eigentlich will Jasmin mit ihrem Freund Bob nur ein paar unbeschwerte Urlaubstage am Meer verbringen. Doch dann dr\u00e4ngen sich Gesine und Herma mit ihrer Geschichte \u2013 und der ihrer Heimatstadt Esens \u2013 unaufgefordert in die Traum- und Gedankenwelt der jungen Urlauberin \u2026 Mit leichter Hand verwebt Autor Frerich Ihben in seinem neuen Roman die Erlebnisse dreier Frauen aus drei Jahrhunderten zu einer unterhaltsamen Geschichte.<\/div>\n<div><\/div>\n<div>Preis: 16,00 Eruo<\/div>\n<div>Umfang: 200 Seiten<\/div>\n<div>Format: 12,5 x 18 cm<\/div>\n<div><span class=\"a-text-bold\">ISBN : \u200e\u00a0<\/span>978-3941163508<\/div>\n<div><\/div>\n<div><strong>Erscheinungstermin: April 2026<\/strong><\/div>\n<\/div>\r\n\t\t\t\t\r\n\t\t\t\t\t\t\t\t\t\t\t\r\n\t\t\t\t\t\t\r\n\t\t\t\t\t<div class=\"wpsg_mod_productindex_price\">\r\n\t\t\t\t\t\t\t\t\t\t\t\t\t16,00 EUR\t\t\t\t\t\t\t\t\t\t\t<\/div>\r\n\t\t\t\t\t\t\r\n\t\t\t\t\t<div class=\"wpsg_produkt_preishinweis\">\t\t\r\n\t\t\t\t\t\t\t\t\t\t\t\t(inkl. 7,00% MwSt. und zzgl. <a href=\"https:\/\/soeker-druckshop.de\/?page_id=10\">Versandkosten<\/a>)\t\t\t\t\t\t\t\t\t\t\t<\/div>\t\r\n\t\t\t\t\t\t\t\t\t\t\t\t\t\r\n\t\t\t\t<div class=\"wpsg_mod_productindex_button\">\t\t\t\t\t\r\n\t\t\t\t\t\t\t\r\n\t\t\t\t\t<a class=\"wpsg_button\" title=\"Zur Detailseite des Produkts\" href=\"https:\/\/soeker-druckshop.de\/?p=587\">Zum Produkt<\/a>\r\n\t\t\t\t\t<br \/>\r\n\t\t\t\t\t<a href=\"#\" class=\"wpsg_button wpsg_addProdukt \" title=\"Produkt Jasmin \u2013  und die Farben der Geschichte in den Warenkorb legen\" data-product_id=\"62\">In den Warenkorb legen<\/a>\r\n\t\t\t\t\t\t\t\t\t<\/div>\r\n\t\t\t\t\r\n\t\t\t<\/div>\r\n\t\t\t<div class=\"wpsg_clear\"><\/div>\t\t\t\t\r\n\t\t<\/div>\r\n\t\t\t\t<div class=\"wpsg_mod_productindex_product odd  \"> \r\n\t\t\t\t\t\t<div class=\"wpsg_mod_productindex_pic\">\r\n\t\t\t\t\t\t\t\t<a title=\"Zur Detailseite des Produkts\" href=\"https:\/\/soeker-druckshop.de\/?page_id=9&amp;wpsg_action=showProdukt&amp;produkt_id=61\">\r\n\t\t\t\t\t \r\n\t\t\t\t\t<img decoding=\"async\" src=\"https:\/\/soeker-druckshop.de\/wp-content\/uploads\/wpsg_produktbilder\/61\/tn\/c-100-100-Titel.jpg\" alt=\"\" \/>\r\n\t\t\t\t<\/a>\r\n\t\t\t\t\t\t\t<\/div>\r\n\t\t\t\t\t\t<div class=\"wpsg_mod_productindex_content\">\r\n\t\t\t\t<div class=\"wpsg_mod_productindex_infos\"> \r\n\t\t\t\t\t<div class=\"wpsg_mod_productindex_weight\">\r\n\t\t\t\t\t\t\t\t\t\t\t<\/div>\r\n\t\t\t\t\t\r\n\t\t\t\t\t<div class=\"wpsg_mod_productindex_fmenge\">\r\n\t\t\t\t\t\t\t\t\t\t\t<\/div>\t\t\t\t\r\n\t\t\t\t\t\r\n\t\t\t\t\t\t\t\t\t\t\r\n\t\t\t\t\t<div class=\"wpsg_mod_productindex_gpreis\">\r\n\t\t\t\t\t\t\t\t\t\t\t<\/div>\t\r\n\t\t\t\t<\/div>\r\n\t\t\t\t<div class=\"wpsg_mod_productindex_title\">\r\n\t\t\t\t\t<a title=\"Zur Detailseite des Produkts\" href=\"https:\/\/soeker-druckshop.de\/?page_id=9&amp;wpsg_action=showProdukt&amp;produkt_id=61\">Inas Reise durch die Nacht: Vom Vogelzug eines Rotkehlchens <\/a>\r\n\t\t\t\t<\/div>\r\n\t\t\t\t<div class=\"wpsg_mod_productindex_description\"><div id=\"bylineInfo_feature_div\" class=\"celwidget\" data-feature-name=\"bylineInfo\" data-csa-c-type=\"widget\" data-csa-c-content-id=\"bylineInfo\" data-csa-c-slot-id=\"bylineInfo_feature_div\" data-csa-c-asin=\"3941163493\" data-csa-c-is-in-initial-active-row=\"false\" data-csa-c-id=\"5yaa7l-1xc8mu-65tpim-j8dakr\" data-cel-widget=\"bylineInfo_feature_div\">\n<div id=\"bylineInfo\" class=\"a-section a-spacing-micro bylineHidden feature\" data-cel-widget=\"bylineInfo\">von <span class=\"author notFaded\" data-width=\"160\"> <a class=\"a-link-normal\" href=\"https:\/\/www.amazon.de\/s\/ref=dp_byline_sr_book_1?ie=UTF8&amp;field-author=Angelika+Einwich&amp;text=Angelika+Einwich&amp;sort=relevancerank&amp;search-alias=books-de\">Angelika Einwich<\/a> <span class=\"contribution\"> <span class=\"a-color-secondary\">(Autor), <\/span> <\/span> <\/span> <span class=\"author notFaded\" data-width=\"191\"> <a class=\"a-link-normal\" href=\"https:\/\/www.amazon.de\/s\/ref=dp_byline_sr_book_2?ie=UTF8&amp;field-author=Beate+Holm-Gr%C3%BCnberg&amp;text=Beate+Holm-Gr%C3%BCnberg&amp;sort=relevancerank&amp;search-alias=books-de\">Beate Holm-Gr\u00fcnberg<\/a> <span class=\"contribution\"> <span class=\"a-color-secondary\">(Autor), <\/span> <\/span> <\/span> <span class=\"author notFaded\" data-width=\"156\"> <a class=\"a-link-normal\" href=\"https:\/\/www.amazon.de\/s\/ref=dp_byline_sr_book_3?ie=UTF8&amp;field-author=Miriam+Liedvogel&amp;text=Miriam+Liedvogel&amp;sort=relevancerank&amp;search-alias=books-de\">Miriam Liedvogel<\/a> <span class=\"contribution\"> <span class=\"a-color-secondary\">(Autor), <\/span> <\/span> <\/span> <span class=\"author notFaded\" data-width=\"198\"> <a class=\"a-link-normal\" href=\"https:\/\/www.amazon.de\/s\/ref=dp_byline_sr_book_4?ie=UTF8&amp;field-author=Corinna+Langebrake&amp;text=Corinna+Langebrake&amp;sort=relevancerank&amp;search-alias=books-de\">Corinna Langebrake<\/a> <span class=\"contribution\"> <span class=\"a-color-secondary\">(Illustrator)<\/span><\/span><\/span><\/div>\n<\/div>\n<div id=\"productOverview_feature_div\" class=\"celwidget\" data-feature-name=\"productOverview\" data-csa-c-type=\"widget\" data-csa-c-content-id=\"productOverview\" data-csa-c-slot-id=\"productOverview_feature_div\" data-csa-c-asin=\"3941163493\" data-csa-c-is-in-initial-active-row=\"false\" data-csa-c-id=\"sn9pf7-sei9i4-nffcev-qd5ksi\" data-cel-widget=\"productOverview_feature_div\"><\/div>\n<div id=\"bookDescription_feature_div\" class=\"celwidget\" data-feature-name=\"bookDescription\" data-csa-c-type=\"widget\" data-csa-c-content-id=\"bookDescription\" data-csa-c-slot-id=\"bookDescription_feature_div\" data-csa-c-asin=\"3941163493\" data-csa-c-is-in-initial-active-row=\"false\" data-csa-c-id=\"hsfr4y-r2tcob-veuh2d-pq6g8n\" data-cel-widget=\"bookDescription_feature_div\">\n<div class=\"a-expander-collapsed-height a-row a-expander-container a-spacing-base a-expander-partial-collapse-container\" data-a-expander-name=\"book_description_expander\" data-a-expander-collapsed-height=\"280\">\n<div class=\"a-expander-content a-expander-partial-collapse-content\" data-expanded=\"false\">&#8222;Wir Rotkehlchen sind echte Europ\u00e4erinnen&#8220;, sagt Ina, die es wissen muss. Das junge Rotkehlchen aus Bremerhaven erz\u00e4hlt von seiner ersten gro\u00dfen Reise durch die Nacht: von Norddeutschland nach S\u00fcdfrankreich, vom nahenden Winter in die W\u00e4rme des S\u00fcdens. Eindrucksvoll wird hier das Abenteuer und Geheimnis des Vogelzuges geschildert. Die Geschichte von Inas Reise ist nicht nur lebendig geschrieben, sondern auch vogelkundlich fundiert. Denn verfasst hat sie ein Wissenschaftsteam der Universit\u00e4t Oldenburg. Ausdrucksstarkes i-T\u00fcpfelchen sind die malerisch-fantasievollen Bilder von Corinna Langebrake. Tolle Extras gibt es im Anhang: So erl\u00e4utert ein Mini-Lexikon wichtige Begriffe aus der Geschichte und ein Rotkehlchen-Steckbrief liefert kompakte Infos auf einen Blick. Ein spannendes Kindersachbuch \u2013 auch f\u00fcr Erwachsene.<\/div>\n<\/div>\n<\/div>\n<div data-expanded=\"false\"><\/div>\n<div data-expanded=\"false\">\n<div class=\"\">Preis: 12,40 Euro<\/div>\n<div class=\"\">Umfang: 32 Seiten<\/div>\n<p>ISBN: 978-3-941163-49-2<\/p>\n<\/div>\n<div data-expanded=\"false\"><\/div>\n<\/div>\r\n\t\t\t\t\r\n\t\t\t\t\t\t\t\t\t\t\t\r\n\t\t\t\t\t\t\r\n\t\t\t\t\t<div class=\"wpsg_mod_productindex_price\">\r\n\t\t\t\t\t\t\t\t\t\t\t\t\t12,40 EUR\t\t\t\t\t\t\t\t\t\t\t<\/div>\r\n\t\t\t\t\t\t\r\n\t\t\t\t\t<div class=\"wpsg_produkt_preishinweis\">\t\t\r\n\t\t\t\t\t\t\t\t\t\t\t\t(inkl. 7,00% MwSt. und zzgl. <a href=\"https:\/\/soeker-druckshop.de\/?page_id=10\">Versandkosten<\/a>)\t\t\t\t\t\t\t\t\t\t\t<\/div>\t\r\n\t\t\t\t\t\t\t\t\t\t\t\t\t\r\n\t\t\t\t<div class=\"wpsg_mod_productindex_button\">\t\t\t\t\t\r\n\t\t\t\t\t\t\t\r\n\t\t\t\t\t<a class=\"wpsg_button\" title=\"Zur Detailseite des Produkts\" href=\"https:\/\/soeker-druckshop.de\/?page_id=9&amp;wpsg_action=showProdukt&amp;produkt_id=61\">Zum Produkt<\/a>\r\n\t\t\t\t\t<br \/>\r\n\t\t\t\t\t<a href=\"#\" class=\"wpsg_button wpsg_addProdukt \" title=\"Produkt Inas Reise durch die Nacht: in den Warenkorb legen\" data-product_id=\"61\">In den Warenkorb legen<\/a>\r\n\t\t\t\t\t\t\t\t\t<\/div>\r\n\t\t\t\t\r\n\t\t\t<\/div>\r\n\t\t\t<div class=\"wpsg_clear\"><\/div>\t\t\t\t\r\n\t\t<\/div>\r\n\t\t\t\t<div class=\"wpsg_mod_productindex_product even  \"> \r\n\t\t\t\t\t\t<div class=\"wpsg_mod_productindex_pic\">\r\n\t\t\t\t\t\t\t\t<a title=\"Zur Detailseite des Produkts\" href=\"https:\/\/soeker-druckshop.de\/?page_id=9&amp;wpsg_action=showProdukt&amp;produkt_id=60\">\r\n\t\t\t\t\t \r\n\t\t\t\t\t<img decoding=\"async\" src=\"https:\/\/soeker-druckshop.de\/wp-content\/uploads\/wpsg_produktbilder\/60\/tn\/c-100-100-Titel_Wied_Druck_WMD.jpg\" alt=\"\" \/>\r\n\t\t\t\t<\/a>\r\n\t\t\t\t\t\t\t<\/div>\r\n\t\t\t\t\t\t<div class=\"wpsg_mod_productindex_content\">\r\n\t\t\t\t<div class=\"wpsg_mod_productindex_infos\"> \r\n\t\t\t\t\t<div class=\"wpsg_mod_productindex_weight\">\r\n\t\t\t\t\t\t\t\t\t\t\t<\/div>\r\n\t\t\t\t\t\r\n\t\t\t\t\t<div class=\"wpsg_mod_productindex_fmenge\">\r\n\t\t\t\t\t\t\t\t\t\t\t<\/div>\t\t\t\t\r\n\t\t\t\t\t\r\n\t\t\t\t\t\t\t\t\t\t\r\n\t\t\t\t\t<div class=\"wpsg_mod_productindex_gpreis\">\r\n\t\t\t\t\t\t\t\t\t\t\t<\/div>\t\r\n\t\t\t\t<\/div>\r\n\t\t\t\t<div class=\"wpsg_mod_productindex_title\">\r\n\t\t\t\t\t<a title=\"Zur Detailseite des Produkts\" href=\"https:\/\/soeker-druckshop.de\/?page_id=9&amp;wpsg_action=showProdukt&amp;produkt_id=60\">Wied is uns Land<\/a>\r\n\t\t\t\t<\/div>\r\n\t\t\t\t<div class=\"wpsg_mod_productindex_description\"><p>Vertellsels van Belevens, de so passeert s\u00fcnd<br \/>\nof tominnst Dag f\u00f6r Dag so passeren k\u00f6\u00f6nt.<\/p>\n<p>In seinem Buch \u201eWied is uns Land\u201c erz\u00e4hlt Helmut Janssen<br \/>\nGeschichten und Begebenheiten aus seinem Leben,<br \/>\ndie sich so ereignet oder Zumindest so zugetragen haben k\u00f6nnten.<\/p>\n<p>Preis: 9.80 Euro<br \/>\nUmfang: 92 Seiten<\/p>\n<\/div>\r\n\t\t\t\t\r\n\t\t\t\t\t\t\t\t\t\t\t\r\n\t\t\t\t\t\t\r\n\t\t\t\t\t<div class=\"wpsg_mod_productindex_price\">\r\n\t\t\t\t\t\t\t\t\t\t\t\t\t9,80 EUR\t\t\t\t\t\t\t\t\t\t\t<\/div>\r\n\t\t\t\t\t\t\r\n\t\t\t\t\t<div class=\"wpsg_produkt_preishinweis\">\t\t\r\n\t\t\t\t\t\t\t\t\t\t\t\t(inkl. 7,00% MwSt. und zzgl. <a href=\"https:\/\/soeker-druckshop.de\/?page_id=10\">Versandkosten<\/a>)\t\t\t\t\t\t\t\t\t\t\t<\/div>\t\r\n\t\t\t\t\t\t\t\t\t\t\t\t\t\r\n\t\t\t\t<div class=\"wpsg_mod_productindex_button\">\t\t\t\t\t\r\n\t\t\t\t\t\t\t\r\n\t\t\t\t\t<a class=\"wpsg_button\" title=\"Zur Detailseite des Produkts\" href=\"https:\/\/soeker-druckshop.de\/?page_id=9&amp;wpsg_action=showProdukt&amp;produkt_id=60\">Zum Produkt<\/a>\r\n\t\t\t\t\t<br \/>\r\n\t\t\t\t\t<a href=\"#\" class=\"wpsg_button wpsg_addProdukt \" title=\"Produkt Wied is uns Land in den Warenkorb legen\" data-product_id=\"60\">In den Warenkorb legen<\/a>\r\n\t\t\t\t\t\t\t\t\t<\/div>\r\n\t\t\t\t\r\n\t\t\t<\/div>\r\n\t\t\t<div class=\"wpsg_clear\"><\/div>\t\t\t\t\r\n\t\t<\/div>\r\n\t\t\t\t<div class=\"wpsg_mod_productindex_product odd wpsg_mod_productindex_product_last \"> \r\n\t\t\t\t\t\t<div class=\"wpsg_mod_productindex_pic\">\r\n\t\t\t\t\t\t\t\t<a title=\"Zur Detailseite des Produkts\" href=\"https:\/\/soeker-druckshop.de\/?page_id=9&amp;wpsg_action=showProdukt&amp;produkt_id=59\">\r\n\t\t\t\t\t \r\n\t\t\t\t\t<img decoding=\"async\" src=\"https:\/\/soeker-druckshop.de\/wp-content\/uploads\/wpsg_produktbilder\/59\/tn\/c-100-100-Titel_final.jpg\" alt=\"\" \/>\r\n\t\t\t\t<\/a>\r\n\t\t\t\t\t\t\t<\/div>\r\n\t\t\t\t\t\t<div class=\"wpsg_mod_productindex_content\">\r\n\t\t\t\t<div class=\"wpsg_mod_productindex_infos\"> \r\n\t\t\t\t\t<div class=\"wpsg_mod_productindex_weight\">\r\n\t\t\t\t\t\t\t\t\t\t\t<\/div>\r\n\t\t\t\t\t\r\n\t\t\t\t\t<div class=\"wpsg_mod_productindex_fmenge\">\r\n\t\t\t\t\t\t\t\t\t\t\t<\/div>\t\t\t\t\r\n\t\t\t\t\t\r\n\t\t\t\t\t\t\t\t\t\t\r\n\t\t\t\t\t<div class=\"wpsg_mod_productindex_gpreis\">\r\n\t\t\t\t\t\t\t\t\t\t\t<\/div>\t\r\n\t\t\t\t<\/div>\r\n\t\t\t\t<div class=\"wpsg_mod_productindex_title\">\r\n\t\t\t\t\t<a title=\"Zur Detailseite des Produkts\" href=\"https:\/\/soeker-druckshop.de\/?page_id=9&amp;wpsg_action=showProdukt&amp;produkt_id=59\">Magdas Weg  \u2013  Die T\u00f6chter des Schmieds<\/a>\r\n\t\t\t\t<\/div>\r\n\t\t\t\t<div class=\"wpsg_mod_productindex_description\"><div class=\"\">Dies ist die Geschichte von Magda und Maria,<br \/>\nden T\u00f6chtern des Schmieds Tyke Smeeder.<br \/>\nOstfriesland 1537: Noch immer sind die Zeiten unruhig in der Region.<br \/>\nUnd kaum ist die Familie des Schmieds endlich vereint,<br \/>\nsteht eine erneute Trennung an.Magda muss mit ihrem Mann Ulf, dem Sohn Jakob<br \/>\nund den Schwiegereltern ein neues Leben beginnen;<br \/>\nihr Ziel ist das Kloster Gravenhorst im fernen Westfalen.<br \/>\nDoch der Neuanfang birgt Risiken.<br \/>\nIhre Schwester Maria kehrt in die elterliche Schmiede nahe Emden zur\u00fcck.<br \/>\nDort wird die Familie von den Schatten der Vergangenheit eingeholt.<br \/>\nUnd Maria steht vor schwierigen Entscheidungen.<\/p>\n<p>In seinem neuen Roman f\u00fchrt Frerich Ihben die Geschehnisse<br \/>\ndes ersten Bandes \u201eMagdas Weg \u2013 das M\u00e4dchen und der M\u00f6nch\u201c<br \/>\nnahtlos fort \u2013 ein ostfriesisch-historisches Leseabenteuer.<\/p>\n<\/div>\n<div><\/div>\n<div class=\"\">Preis: 16,00 Euro<\/div>\n<div class=\"\">Umfang: 252 Seiten<\/div>\n<p>ISBN: 978-3-941163-48-5<\/p>\n<\/div>\r\n\t\t\t\t\r\n\t\t\t\t\t\t\t\t\t\t\t\r\n\t\t\t\t\t\t\r\n\t\t\t\t\t<div class=\"wpsg_mod_productindex_price\">\r\n\t\t\t\t\t\t\t\t\t\t\t\t\t16,00 EUR\t\t\t\t\t\t\t\t\t\t\t<\/div>\r\n\t\t\t\t\t\t\r\n\t\t\t\t\t<div class=\"wpsg_produkt_preishinweis\">\t\t\r\n\t\t\t\t\t\t\t\t\t\t\t\t(inkl. 7,00% MwSt. und zzgl. <a href=\"https:\/\/soeker-druckshop.de\/?page_id=10\">Versandkosten<\/a>)\t\t\t\t\t\t\t\t\t\t\t<\/div>\t\r\n\t\t\t\t\t\t\t\t\t\t\t\t\t\r\n\t\t\t\t<div class=\"wpsg_mod_productindex_button\">\t\t\t\t\t\r\n\t\t\t\t\t\t\t\r\n\t\t\t\t\t<a class=\"wpsg_button\" title=\"Zur Detailseite des Produkts\" href=\"https:\/\/soeker-druckshop.de\/?page_id=9&amp;wpsg_action=showProdukt&amp;produkt_id=59\">Zum Produkt<\/a>\r\n\t\t\t\t\t<br \/>\r\n\t\t\t\t\t<a href=\"#\" class=\"wpsg_button wpsg_addProdukt \" title=\"Produkt Magdas Weg  \u2013 Die T\u00f6chter des Schmieds in den Warenkorb legen\" data-product_id=\"59\">In den Warenkorb legen<\/a>\r\n\t\t\t\t\t\t\t\t\t<\/div>\r\n\t\t\t\t\r\n\t\t\t<\/div>\r\n\t\t\t<div class=\"wpsg_clear\"><\/div>\t\t\t\t\r\n\t\t<\/div>\r\n\t\t\t\r\n\t\t\r\n\t<div class=\"wpsg_mod_productindex_toolbar wpsg_mod_productindex_toolbar_bottom\">\r\n\t\t\r\n\t\t\t\t\r\n\t\t\t\t<div class=\"wpsg_mod_productindex_pager\">\r\n\t\t\t<span>Seite:<\/span>\r\n\t\t\t<ul>\r\n\t\t\t\t\t\t\t\t<li>\r\n\t\t\t\t\t\t\t\t\t\t<span>1<\/span>\r\n\t\t\t\t\t\t\t\t\t<\/li>\r\n\t\t\t\t\t\t\t\t<li>\r\n\t\t\t\t\t\t\t\t\t\t<a title=\"Zu Seite 2 wechseln\" href=\"#\" onclick=\"return wpsg_mod_productindex_goPage(2);\">2<\/a>\r\n\t\t\t\t\t\t\t\t\t<\/li>\r\n\t\t\t\t\t\t\t\t<li>\r\n\t\t\t\t\t\t\t\t\t\t<a title=\"Zu Seite 3 wechseln\" href=\"#\" onclick=\"return wpsg_mod_productindex_goPage(3);\">3<\/a>\r\n\t\t\t\t\t\t\t\t\t<\/li>\r\n\t\t\t\t\t\t\t\t<li>\r\n\t\t\t\t\t\t\t\t\t\t<a title=\"Zu Seite 4 wechseln\" href=\"#\" onclick=\"return wpsg_mod_productindex_goPage(4);\">4<\/a>\r\n\t\t\t\t\t\t\t\t\t<\/li>\r\n\t\t\t\t\t\t\t\t<li>\r\n\t\t\t\t\t\t\t\t\t\t<a title=\"Zu Seite 5 wechseln\" href=\"#\" onclick=\"return wpsg_mod_productindex_goPage(5);\">5<\/a>\r\n\t\t\t\t\t\t\t\t\t<\/li>\r\n\t\t\t\t\t\t\t\t<li>\r\n\t\t\t\t\t\t\t\t\t\t<a title=\"Zu Seite 6 wechseln\" href=\"#\" onclick=\"return wpsg_mod_productindex_goPage(6);\">6<\/a>\r\n\t\t\t\t\t\t\t\t\t<\/li>\r\n\t\t\t\t\t\t\t\t<li>\r\n\t\t\t\t\t\t\t\t\t\t<a title=\"Zu Seite 7 wechseln\" href=\"#\" onclick=\"return wpsg_mod_productindex_goPage(7);\">7<\/a>\r\n\t\t\t\t\t\t\t\t\t<\/li>\r\n\t\t\t\t\t\t\t\t<li>\r\n\t\t\t\t\t\t\t\t\t\t<a title=\"Zu Seite 8 wechseln\" href=\"#\" onclick=\"return wpsg_mod_productindex_goPage(8);\">8<\/a>\r\n\t\t\t\t\t\t\t\t\t<\/li>\r\n\t\t\t\t\t\t\t\t<li>\r\n\t\t\t\t\t\t\t\t\t\t<a title=\"Zu Seite 9 wechseln\" href=\"#\" onclick=\"return wpsg_mod_productindex_goPage(9);\">9<\/a>\r\n\t\t\t\t\t\t\t\t\t<\/li>\r\n\t\t\t\t\t\t\t<\/ul>\r\n\t\t<\/div>\r\n\t\t\t\t\r\n\t\t\t\t\r\n\t\t<div class=\"wpsg_clear\"><\/div>\r\n\t\t\r\n\t<\/div>\r\n\r\n\t\r\n<\/div>\r\n\r\n<script type=\"text\/javascript\">\/* <![CDATA[ *\/\r\n\r\n\tfunction wpsg_mod_productindex_goPage(page)\r\n\t{\r\n\r\n\t\tjQuery('#wpsg_mod_productindex_filter_page').val(page);\r\n\t\tjQuery('#wpsg_mod_productindex_form').submit();\r\n\r\n\t\treturn false;\r\n\t\t\r\n\t} \/\/ function wpsg_mod_productindex_goPage(page)\r\n\r\n\tfunction wpsg_mod_productindex_viewselect(template)\r\n\t{\r\n\r\n\t\tjQuery('#wpsg_mod_productindex_template').val(template);\r\n\t\tjQuery('#wpsg_mod_productindex_form').submit();\r\n\r\n\t\treturn false;\r\n\t\t\r\n\t} \/\/ function wpsg_mod_productindex_viewselect(template)\r\n\t\r\n\tjQuery(document).ready(function() {\r\n\r\n\t\tjQuery('.wpsg_mod_productindex_filter_order').bind('change', function() {\r\n\t\t\t\r\n\t\t\tjQuery('#wpsg_mod_productindex_filter_order').val(jQuery(this).find('option:selected').attr('value'));\r\n\t\t\tjQuery('#wpsg_mod_productindex_filter_page').val('1');\r\n\t\t\tjQuery('#wpsg_mod_productindex_form').submit(); \r\n\t\t\t\t\t\r\n\t\t} );\r\n\t\t\r\n\t} );\r\n\r\n\/* ]]> *\/<\/script>","protected":false},"excerpt":{"rendered":"<p>Seite: 1 2 3 4 5 6 7 8 9 Jasmin \u2013 und die Farben der Geschichte Jasmin, Gesine und Herma sind unterwegs in einer ostfriesischen Kleinstadt. Allerdings wird dieses Trio dort niemals Arm in Arm an der n\u00e4chsten Stra\u00dfenecke auftauchen \u2013 allein schon, weil die drei Frauen in verschiedenen Zeitaltern leben. Eigentlich will Jasmin &hellip; <a href=\"https:\/\/soeker-druckshop.de\/?page_id=114\" class=\"more-link\"><span class=\"screen-reader-text\">B\u00fccher<\/span> weiterlesen <span class=\"meta-nav\">&rarr;<\/span><\/a><\/p>\n","protected":false},"author":1,"featured_media":0,"parent":0,"menu_order":0,"comment_status":"closed","ping_status":"closed","template":"","meta":{"footnotes":""},"class_list":["post-114","page","type-page","status-publish","hentry"],"jetpack_sharing_enabled":true,"_links":{"self":[{"href":"https:\/\/soeker-druckshop.de\/index.php?rest_route=\/wp\/v2\/pages\/114","targetHints":{"allow":["GET"]}}],"collection":[{"href":"https:\/\/soeker-druckshop.de\/index.php?rest_route=\/wp\/v2\/pages"}],"about":[{"href":"https:\/\/soeker-druckshop.de\/index.php?rest_route=\/wp\/v2\/types\/page"}],"author":[{"embeddable":true,"href":"https:\/\/soeker-druckshop.de\/index.php?rest_route=\/wp\/v2\/users\/1"}],"replies":[{"embeddable":true,"href":"https:\/\/soeker-druckshop.de\/index.php?rest_route=%2Fwp%2Fv2%2Fcomments&post=114"}],"version-history":[{"count":3,"href":"https:\/\/soeker-druckshop.de\/index.php?rest_route=\/wp\/v2\/pages\/114\/revisions"}],"predecessor-version":[{"id":309,"href":"https:\/\/soeker-druckshop.de\/index.php?rest_route=\/wp\/v2\/pages\/114\/revisions\/309"}],"wp:attachment":[{"href":"https:\/\/soeker-druckshop.de\/index.php?rest_route=%2Fwp%2Fv2%2Fmedia&parent=114"}],"curies":[{"name":"wp","href":"https:\/\/api.w.org\/{rel}","templated":true}]}}